{"id":995,"date":"2025-11-09T17:18:44","date_gmt":"2025-11-09T16:18:44","guid":{"rendered":"https:\/\/probe.itservice-alt.de\/?page_id=995"},"modified":"2025-12-10T23:43:12","modified_gmt":"2025-12-10T22:43:12","slug":"polishing","status":"publish","type":"page","link":"https:\/\/www.whitepipes.de\/en\/polishing\/","title":{"rendered":"Polish"},"content":{"rendered":"<div data-elementor-type=\"wp-page\" data-elementor-id=\"995\" class=\"elementor elementor-995\">\n\t\t\t\t<div class=\"elementor-element elementor-element-46227d1 e-flex e-con-boxed e-con e-parent\" data-id=\"46227d1\" data-element_type=\"container\" data-e-type=\"container\">\n\t\t\t\t\t<div class=\"e-con-inner\">\n\t\t<div class=\"elementor-element elementor-element-6c2427d e-con-full e-flex e-con e-child\" data-id=\"6c2427d\" data-element_type=\"container\" data-e-type=\"container\" data-settings=\"{&quot;background_background&quot;:&quot;gradient&quot;}\">\n\t\t<div class=\"elementor-element elementor-element-70fff5b e-flex e-con-boxed e-con e-child\" data-id=\"70fff5b\" data-element_type=\"container\" data-e-type=\"container\">\n\t\t\t\t\t<div class=\"e-con-inner\">\n\t\t\t\t<div class=\"elementor-element elementor-element-0345783 elementor-widget elementor-widget-image\" data-id=\"0345783\" data-element_type=\"widget\" data-e-type=\"widget\" data-widget_type=\"image.default\">\n\t\t\t\t\t\t\t\t\t\t\t\t\t\t\t<img decoding=\"async\" width=\"150\" height=\"150\" src=\"https:\/\/www.whitepipes.de\/wp-content\/uploads\/2025\/11\/Trenner-150x150.png\" class=\"attachment-thumbnail size-thumbnail wp-image-699\" alt=\"\" srcset=\"https:\/\/www.whitepipes.de\/wp-content\/uploads\/2025\/11\/Trenner-150x150.png 150w, https:\/\/www.whitepipes.de\/wp-content\/uploads\/2025\/11\/Trenner-300x300.png 300w, https:\/\/www.whitepipes.de\/wp-content\/uploads\/2025\/11\/Trenner-768x768.png 768w, https:\/\/www.whitepipes.de\/wp-content\/uploads\/2025\/11\/Trenner.png 1024w\" sizes=\"(max-width: 150px) 100vw, 150px\" \/>\t\t\t\t\t\t\t\t\t\t\t\t\t\t\t<\/div>\n\t\t\t\t\t<\/div>\n\t\t\t\t<\/div>\n\t\t\t\t<div class=\"elementor-element elementor-element-4af1a67 elementor-widget elementor-widget-heading\" data-id=\"4af1a67\" data-element_type=\"widget\" data-e-type=\"widget\" data-widget_type=\"heading.default\">\n\t\t\t\t\t<h2 class=\"elementor-heading-title elementor-size-default\">Polish<\/h2>\t\t\t\t<\/div>\n\t\t\t\t<div class=\"elementor-element elementor-element-c71a991 elementor-widget elementor-widget-text-editor\" data-id=\"c71a991\" data-element_type=\"widget\" data-e-type=\"widget\" data-widget_type=\"text-editor.default\">\n\t\t\t\t\t\t\t\t\t<p>Once the pipe is shaped and carved, the step that brings it to life begins: the polishing. With gentle pressure and much patience, the surface of the meerschaum is smoothed until it reveals its natural, flawless white. Layer by layer, the fine structure of the material is uncovered.<\/p>\t\t\t\t\t\t\t\t<\/div>\n\t\t<div class=\"elementor-element elementor-element-643eb1d e-con-full e-flex e-con e-child\" data-id=\"643eb1d\" data-element_type=\"container\" data-e-type=\"container\">\n\t\t\t\t<div class=\"elementor-element elementor-element-546115e elementor-widget elementor-widget-video\" data-id=\"546115e\" data-element_type=\"widget\" data-e-type=\"widget\" data-settings=\"{&quot;video_type&quot;:&quot;hosted&quot;,&quot;controls&quot;:&quot;yes&quot;}\" data-widget_type=\"video.default\">\n\t\t\t\t\t\t\t<div class=\"e-hosted-video elementor-wrapper elementor-open-inline\">\n\t\t\t\t\t<video class=\"elementor-video\" src=\"https:\/\/probe.itservice-alt.de\/wp-content\/uploads\/2025\/11\/bkvBFBaFRgeTzN5qSTGM_Zimpara1-v.mp4\" controls=\"\" preload=\"metadata\" controlslist=\"nodownload\" poster=\"https:\/\/probe.itservice-alt.de\/wp-content\/uploads\/2025\/11\/Preview7.png\"><\/video>\n\t\t\t\t<\/div>\n\t\t\t\t\t\t<\/div>\n\t\t\t\t<div class=\"elementor-element elementor-element-f80fbb9 elementor-widget elementor-widget-video\" data-id=\"f80fbb9\" data-element_type=\"widget\" data-e-type=\"widget\" data-settings=\"{&quot;video_type&quot;:&quot;hosted&quot;,&quot;controls&quot;:&quot;yes&quot;}\" data-widget_type=\"video.default\">\n\t\t\t\t\t\t\t<div class=\"e-hosted-video elementor-wrapper elementor-open-inline\">\n\t\t\t\t\t<video class=\"elementor-video\" src=\"https:\/\/probe.itservice-alt.de\/wp-content\/uploads\/2025\/11\/YFEhkaCSejWiilJnZQwa_Zimpara2-v.mp4\" controls=\"\" preload=\"metadata\" controlslist=\"nodownload\" poster=\"https:\/\/probe.itservice-alt.de\/wp-content\/uploads\/2025\/11\/Preview8.png\"><\/video>\n\t\t\t\t<\/div>\n\t\t\t\t\t\t<\/div>\n\t\t\t\t<div class=\"elementor-element elementor-element-5a6af9e elementor-widget elementor-widget-video\" data-id=\"5a6af9e\" data-element_type=\"widget\" data-e-type=\"widget\" data-settings=\"{&quot;video_type&quot;:&quot;hosted&quot;,&quot;controls&quot;:&quot;yes&quot;}\" data-widget_type=\"video.default\">\n\t\t\t\t\t\t\t<div class=\"e-hosted-video elementor-wrapper elementor-open-inline\">\n\t\t\t\t\t<video class=\"elementor-video\" src=\"https:\/\/probe.itservice-alt.de\/wp-content\/uploads\/2025\/11\/ND0SbcqnSbWvP2jBUHsi_Zimpara3-v.mp4\" controls=\"\" preload=\"metadata\" controlslist=\"nodownload\" poster=\"https:\/\/probe.itservice-alt.de\/wp-content\/uploads\/2025\/11\/Preview9.png\"><\/video>\n\t\t\t\t<\/div>\n\t\t\t\t\t\t<\/div>\n\t\t\t\t<\/div>\n\t\t<div class=\"elementor-element elementor-element-d297c01 e-con-full e-flex e-con e-child\" data-id=\"d297c01\" data-element_type=\"container\" data-e-type=\"container\">\n\t\t<div class=\"elementor-element elementor-element-4f865f3 e-grid e-con-full e-con e-child\" data-id=\"4f865f3\" data-element_type=\"container\" data-e-type=\"container\">\n\t\t\t\t<div class=\"elementor-element elementor-element-c79ffbc elementor-widget elementor-widget-text-editor\" data-id=\"c79ffbc\" data-element_type=\"widget\" data-e-type=\"widget\" data-widget_type=\"text-editor.default\">\n\t\t\t\t\t\t\t\t\t<p>Return to the previous step:<\/p>\t\t\t\t\t\t\t\t<\/div>\n\t\t\t\t<div class=\"elementor-element elementor-element-8196dc4 elementor-widget elementor-widget-text-editor\" data-id=\"8196dc4\" data-element_type=\"widget\" data-e-type=\"widget\" data-widget_type=\"text-editor.default\">\n\t\t\t\t\t\t\t\t\t<p>On to the next step:<\/p>\t\t\t\t\t\t\t\t<\/div>\n\t\t\t\t<div class=\"elementor-element elementor-element-fca831b elementor-button-warning elementor-align-center elementor-widget elementor-widget-button\" data-id=\"fca831b\" data-element_type=\"widget\" data-e-type=\"widget\" data-widget_type=\"button.default\">\n\t\t\t\t\t\t\t\t\t\t<a class=\"elementor-button elementor-button-link elementor-size-sm elementor-animation-grow\" href=\"https:\/\/www.whitepipes.de\/en\/carving\/\" id=\"1\">\n\t\t\t\t\t\t<span class=\"elementor-button-content-wrapper\">\n\t\t\t\t\t\t\t\t\t<span class=\"elementor-button-text\">&lt;- back <\/span>\n\t\t\t\t\t<\/span>\n\t\t\t\t\t<\/a>\n\t\t\t\t\t\t\t\t<\/div>\n\t\t\t\t<div class=\"elementor-element elementor-element-3f48b2d elementor-button-warning elementor-align-center elementor-tablet-align-center elementor-widget elementor-widget-button\" data-id=\"3f48b2d\" data-element_type=\"widget\" data-e-type=\"widget\" data-widget_type=\"button.default\">\n\t\t\t\t\t\t\t\t\t\t<a class=\"elementor-button elementor-button-link elementor-size-sm elementor-animation-grow\" href=\"https:\/\/www.whitepipes.de\/en\/sealing\/\" id=\"1\">\n\t\t\t\t\t\t<span class=\"elementor-button-content-wrapper\">\n\t\t\t\t\t\t\t\t\t<span class=\"elementor-button-text\">sealing -&gt;<\/span>\n\t\t\t\t\t<\/span>\n\t\t\t\t\t<\/a>\n\t\t\t\t\t\t\t\t<\/div>\n\t\t\t\t<\/div>\n\t\t\t\t<\/div>\n\t\t\t\t<\/div>\n\t\t\t\t\t<\/div>\n\t\t\t\t<\/div>\n\t\t<div class=\"elementor-element elementor-element-df6ddba e-flex e-con-boxed e-con e-parent\" data-id=\"df6ddba\" data-element_type=\"container\" data-e-type=\"container\">\n\t\t\t\t\t<div class=\"e-con-inner\">\n\t\t\t\t\t<\/div>\n\t\t\t\t<\/div>\n\t\t\t\t<\/div>","protected":false},"excerpt":{"rendered":"<p>Polieren Nachdem die Pfeife geformt und geschnitzt ist, beginnt der Schritt, der ihr Leben einhaucht: das Polieren. Mit sanftem Druck und viel Geduld wird die Oberfl\u00e4che des Meerschaums gegl\u00e4ttet, bis sie ihre nat\u00fcrliche, makellose Wei\u00dfe entfaltet. Schicht f\u00fcr Schicht offenbart sich dabei die feine Struktur des Materials. https:\/\/probe.itservice-alt.de\/wp-content\/uploads\/2025\/11\/bkvBFBaFRgeTzN5qSTGM_Zimpara1-v.mp4https:\/\/probe.itservice-alt.de\/wp-content\/uploads\/2025\/11\/YFEhkaCSejWiilJnZQwa_Zimpara2-v.mp4https:\/\/probe.itservice-alt.de\/wp-content\/uploads\/2025\/11\/ND0SbcqnSbWvP2jBUHsi_Zimpara3-v.mp4 Zur\u00fcck zum vorherigen Arbeitsschritt: Weiter zum n\u00e4chsten [&hellip;]<\/p>\n","protected":false},"author":1,"featured_media":0,"parent":0,"menu_order":0,"comment_status":"closed","ping_status":"closed","template":"","meta":{"footnotes":""},"class_list":["post-995","page","type-page","status-publish","hentry"],"blocksy_meta":[],"_links":{"self":[{"href":"https:\/\/www.whitepipes.de\/en\/wp-json\/wp\/v2\/pages\/995","targetHints":{"allow":["GET"]}}],"collection":[{"href":"https:\/\/www.whitepipes.de\/en\/wp-json\/wp\/v2\/pages"}],"about":[{"href":"https:\/\/www.whitepipes.de\/en\/wp-json\/wp\/v2\/types\/page"}],"author":[{"embeddable":true,"href":"https:\/\/www.whitepipes.de\/en\/wp-json\/wp\/v2\/users\/1"}],"replies":[{"embeddable":true,"href":"https:\/\/www.whitepipes.de\/en\/wp-json\/wp\/v2\/comments?post=995"}],"version-history":[{"count":56,"href":"https:\/\/www.whitepipes.de\/en\/wp-json\/wp\/v2\/pages\/995\/revisions"}],"predecessor-version":[{"id":1783,"href":"https:\/\/www.whitepipes.de\/en\/wp-json\/wp\/v2\/pages\/995\/revisions\/1783"}],"wp:attachment":[{"href":"https:\/\/www.whitepipes.de\/en\/wp-json\/wp\/v2\/media?parent=995"}],"curies":[{"name":"wp","href":"https:\/\/api.w.org\/{rel}","templated":true}]}}