{"id":637,"date":"2025-11-03T22:27:16","date_gmt":"2025-11-03T21:27:16","guid":{"rendered":"https:\/\/probe.itservice-alt.de\/?page_id=637"},"modified":"2025-12-04T18:11:52","modified_gmt":"2025-12-04T17:11:52","slug":"ueber-uns-2","status":"publish","type":"page","link":"https:\/\/www.whitepipes.de\/en\/ueber-uns-2\/","title":{"rendered":"About Us"},"content":{"rendered":"<div data-elementor-type=\"wp-page\" data-elementor-id=\"637\" class=\"elementor elementor-637\">\n\t\t\t\t<div class=\"elementor-element elementor-element-4419626 e-flex e-con-boxed e-con e-parent\" data-id=\"4419626\" data-element_type=\"container\" data-e-type=\"container\">\n\t\t\t\t\t<div class=\"e-con-inner\">\n\t\t\t\t<div class=\"elementor-element elementor-element-7381868 elementor-widget elementor-widget-image\" data-id=\"7381868\" data-element_type=\"widget\" data-e-type=\"widget\" data-widget_type=\"image.default\">\n\t\t\t\t\t\t\t\t\t\t\t\t\t\t\t<img decoding=\"async\" width=\"150\" height=\"150\" src=\"https:\/\/www.whitepipes.de\/wp-content\/uploads\/2025\/11\/Trenner-150x150.png\" class=\"attachment-thumbnail size-thumbnail wp-image-699\" alt=\"\" srcset=\"https:\/\/www.whitepipes.de\/wp-content\/uploads\/2025\/11\/Trenner-150x150.png 150w, https:\/\/www.whitepipes.de\/wp-content\/uploads\/2025\/11\/Trenner-300x300.png 300w, https:\/\/www.whitepipes.de\/wp-content\/uploads\/2025\/11\/Trenner-768x768.png 768w, https:\/\/www.whitepipes.de\/wp-content\/uploads\/2025\/11\/Trenner.png 1024w\" sizes=\"(max-width: 150px) 100vw, 150px\" \/>\t\t\t\t\t\t\t\t\t\t\t\t\t\t\t<\/div>\n\t\t\t\t\t<\/div>\n\t\t\t\t<\/div>\n\t\t<div class=\"elementor-element elementor-element-83922e6 e-flex e-con-boxed e-con e-parent\" data-id=\"83922e6\" data-element_type=\"container\" data-e-type=\"container\">\n\t\t\t\t\t<div class=\"e-con-inner\">\n\t\t<div class=\"elementor-element elementor-element-06a5e6c e-con-full e-flex e-con e-child\" data-id=\"06a5e6c\" data-element_type=\"container\" data-e-type=\"container\">\n\t\t<div class=\"elementor-element elementor-element-b9c3357 e-con-full e-flex e-con e-child\" data-id=\"b9c3357\" data-element_type=\"container\" data-e-type=\"container\">\n\t\t<div class=\"elementor-element elementor-element-ebcafea e-con-full e-flex e-con e-child\" data-id=\"ebcafea\" data-element_type=\"container\" data-e-type=\"container\">\n\t\t\t\t<div class=\"elementor-element elementor-element-c0e0e52 elementor-widget elementor-widget-heading\" data-id=\"c0e0e52\" data-element_type=\"widget\" data-e-type=\"widget\" data-widget_type=\"heading.default\">\n\t\t\t\t\t<h2 class=\"elementor-heading-title elementor-size-default\">Our Company<\/h2>\t\t\t\t<\/div>\n\t\t\t\t<div class=\"elementor-element elementor-element-fd25eda elementor-widget elementor-widget-text-editor\" data-id=\"fd25eda\" data-element_type=\"widget\" data-e-type=\"widget\" data-widget_type=\"text-editor.default\">\n\t\t\t\t\t\t\t\t\t<p>Preservation &amp; Connection<\/p>\t\t\t\t\t\t\t\t<\/div>\n\t\t\t\t<div class=\"elementor-element elementor-element-6a249aa elementor-widget elementor-widget-text-editor\" data-id=\"6a249aa\" data-element_type=\"widget\" data-e-type=\"widget\" data-widget_type=\"text-editor.default\">\n\t\t\t\t\t\t\t\t\t<p>We see ourselves as part of a long history. Our task is not just to sell pipes, but to preserve a culture. That's why we maintain close contact with local manufacturers, regularly visit workshops and quarries, and accompany our products from the stone to the finished work of art.<\/p><p>We work with pipe makers whose workshops have often existed for two or more generations. These people are not suppliers \u2013 they are partners with whom we share values: craftsmanship, durability, and beauty.<\/p><p>Our clientele is diverse and international. But one thing unites them all: the search for genuine enjoyment, for authenticity, and for a story that you don't just hear \u2013 but can actively participate in.<\/p>\t\t\t\t\t\t\t\t<\/div>\n\t\t\t\t<div class=\"elementor-element elementor-element-f75d26c elementor-button-warning elementor-align-center elementor-widget elementor-widget-button\" data-id=\"f75d26c\" data-element_type=\"widget\" data-e-type=\"widget\" data-widget_type=\"button.default\">\n\t\t\t\t\t\t\t\t\t\t<a class=\"elementor-button elementor-button-link elementor-size-sm elementor-animation-grow\" href=\"https:\/\/www.whitepipes.de\/en\/ueber-uns\/\" id=\"1\">\n\t\t\t\t\t\t<span class=\"elementor-button-content-wrapper\">\n\t\t\t\t\t\t\t\t\t<span class=\"elementor-button-text\">Learn more -&gt;<\/span>\n\t\t\t\t\t<\/span>\n\t\t\t\t\t<\/a>\n\t\t\t\t\t\t\t\t<\/div>\n\t\t\t\t<\/div>\n\t\t<div class=\"elementor-element elementor-element-1da53b0 e-con-full e-flex e-con e-child\" data-id=\"1da53b0\" data-element_type=\"container\" data-e-type=\"container\" data-settings=\"{&quot;background_background&quot;:&quot;gradient&quot;}\">\n\t\t\t\t<div class=\"elementor-element elementor-element-9714b2f elementor-widget elementor-widget-image\" data-id=\"9714b2f\" data-element_type=\"widget\" data-e-type=\"widget\" data-widget_type=\"image.default\">\n\t\t\t\t\t\t\t\t\t\t\t\t\t\t\t<img fetchpriority=\"high\" decoding=\"async\" width=\"608\" height=\"564\" src=\"https:\/\/www.whitepipes.de\/wp-content\/uploads\/2025\/11\/WhitePipes_Logo_transparent.png\" class=\"attachment-large size-large wp-image-501\" alt=\"\" srcset=\"https:\/\/www.whitepipes.de\/wp-content\/uploads\/2025\/11\/WhitePipes_Logo_transparent.png 608w, https:\/\/www.whitepipes.de\/wp-content\/uploads\/2025\/11\/WhitePipes_Logo_transparent-300x278.png 300w\" sizes=\"(max-width: 608px) 100vw, 608px\" \/>\t\t\t\t\t\t\t\t\t\t\t\t\t\t\t<\/div>\n\t\t\t\t<\/div>\n\t\t\t\t<\/div>\n\t\t\t\t<\/div>\n\t\t\t\t\t<\/div>\n\t\t\t\t<\/div>\n\t\t<div class=\"elementor-element elementor-element-e6e9556 e-flex e-con-boxed e-con e-parent\" data-id=\"e6e9556\" data-element_type=\"container\" data-e-type=\"container\">\n\t\t\t\t\t<div class=\"e-con-inner\">\n\t\t\t\t\t<\/div>\n\t\t\t\t<\/div>\n\t\t\t\t<\/div>","protected":false},"excerpt":{"rendered":"<p>Unser Unternehmen Bewahrung &amp; Verbindung Wir sehen uns als Teil einer langen Geschichte. Unsere Aufgabe ist es nicht nur, Pfeifen zu verkaufen, sondern eine Kultur zu bewahren. Deshalb stehen wir im engen Austausch mit den Herstellern vor Ort, besuchen regelm\u00e4\u00dfig Werkst\u00e4tten und Gruben, und begleiten unsere Produkte vom Stein bis zum fertigen Kunstwerk. Wir arbeiten [&hellip;]<\/p>\n","protected":false},"author":1,"featured_media":0,"parent":0,"menu_order":0,"comment_status":"closed","ping_status":"closed","template":"","meta":{"footnotes":""},"class_list":["post-637","page","type-page","status-publish","hentry"],"blocksy_meta":[],"_links":{"self":[{"href":"https:\/\/www.whitepipes.de\/en\/wp-json\/wp\/v2\/pages\/637","targetHints":{"allow":["GET"]}}],"collection":[{"href":"https:\/\/www.whitepipes.de\/en\/wp-json\/wp\/v2\/pages"}],"about":[{"href":"https:\/\/www.whitepipes.de\/en\/wp-json\/wp\/v2\/types\/page"}],"author":[{"embeddable":true,"href":"https:\/\/www.whitepipes.de\/en\/wp-json\/wp\/v2\/users\/1"}],"replies":[{"embeddable":true,"href":"https:\/\/www.whitepipes.de\/en\/wp-json\/wp\/v2\/comments?post=637"}],"version-history":[{"count":79,"href":"https:\/\/www.whitepipes.de\/en\/wp-json\/wp\/v2\/pages\/637\/revisions"}],"predecessor-version":[{"id":1647,"href":"https:\/\/www.whitepipes.de\/en\/wp-json\/wp\/v2\/pages\/637\/revisions\/1647"}],"wp:attachment":[{"href":"https:\/\/www.whitepipes.de\/en\/wp-json\/wp\/v2\/media?parent=637"}],"curies":[{"name":"wp","href":"https:\/\/api.w.org\/{rel}","templated":true}]}}