{"id":31,"date":"2025-10-30T08:41:32","date_gmt":"2025-10-30T07:41:32","guid":{"rendered":"https:\/\/probe.itservice-alt.de\/?page_id=31"},"modified":"2025-12-13T13:03:45","modified_gmt":"2025-12-13T12:03:45","slug":"atelier","status":"publish","type":"page","link":"https:\/\/www.whitepipes.de\/en\/atelier\/","title":{"rendered":"Atelier"},"content":{"rendered":"<div data-elementor-type=\"wp-page\" data-elementor-id=\"31\" class=\"elementor elementor-31\">\n\t\t\t\t<div class=\"elementor-element elementor-element-7aa192f e-flex e-con-boxed e-con e-parent\" data-id=\"7aa192f\" data-element_type=\"container\" data-e-type=\"container\">\n\t\t\t\t\t<div class=\"e-con-inner\">\n\t\t<div class=\"elementor-element elementor-element-6ec17ac e-con-full e-flex e-con e-child\" data-id=\"6ec17ac\" data-element_type=\"container\" data-e-type=\"container\" data-settings=\"{&quot;background_background&quot;:&quot;gradient&quot;}\">\n\t\t<div class=\"elementor-element elementor-element-5914dc8 e-flex e-con-boxed e-con e-child\" data-id=\"5914dc8\" data-element_type=\"container\" data-e-type=\"container\">\n\t\t\t\t\t<div class=\"e-con-inner\">\n\t\t\t\t<div class=\"elementor-element elementor-element-7cdb8c9 elementor-widget elementor-widget-image\" data-id=\"7cdb8c9\" data-element_type=\"widget\" data-e-type=\"widget\" data-widget_type=\"image.default\">\n\t\t\t\t\t\t\t\t\t\t\t\t\t\t\t<img decoding=\"async\" width=\"150\" height=\"150\" src=\"https:\/\/www.whitepipes.de\/wp-content\/uploads\/2025\/11\/Trenner-150x150.png\" class=\"attachment-thumbnail size-thumbnail wp-image-699\" alt=\"\" srcset=\"https:\/\/www.whitepipes.de\/wp-content\/uploads\/2025\/11\/Trenner-150x150.png 150w, https:\/\/www.whitepipes.de\/wp-content\/uploads\/2025\/11\/Trenner-300x300.png 300w, https:\/\/www.whitepipes.de\/wp-content\/uploads\/2025\/11\/Trenner-768x768.png 768w, https:\/\/www.whitepipes.de\/wp-content\/uploads\/2025\/11\/Trenner.png 1024w\" sizes=\"(max-width: 150px) 100vw, 150px\" \/>\t\t\t\t\t\t\t\t\t\t\t\t\t\t\t<\/div>\n\t\t\t\t\t<\/div>\n\t\t\t\t<\/div>\n\t\t\t\t<div class=\"elementor-element elementor-element-f6f5e9a elementor-widget elementor-widget-heading\" data-id=\"f6f5e9a\" data-element_type=\"widget\" data-e-type=\"widget\" data-widget_type=\"heading.default\">\n\t\t\t\t\t<h2 class=\"elementor-heading-title elementor-size-default\">Atelier<\/h2>\t\t\t\t<\/div>\n\t\t\t\t<div class=\"elementor-element elementor-element-755dc1f elementor-widget elementor-widget-text-editor\" data-id=\"755dc1f\" data-element_type=\"widget\" data-e-type=\"widget\" data-widget_type=\"text-editor.default\">\n\t\t\t\t\t\t\t\t\t<p>Discover the art of the meerschaum pipe \u2013 from the raw form to the gleaming masterpiece.<br \/>In our workshop, we oversee every step of the creation of a genuine meerschaum pipe. From the precise milling of the raw material to the meticulous carving, to the polishing and final sealing \u2013 each phase demands craftsmanship, experience, and passion.<\/p><p>Immerse yourself in the fascinating world of traditional pipe making and experience how a unique piece of smoking culture is created from simple meerschaum.<\/p>\t\t\t\t\t\t\t\t<\/div>\n\t\t<div class=\"elementor-element elementor-element-3786f2a e-con-full e-flex e-con e-child\" data-id=\"3786f2a\" data-element_type=\"container\" data-e-type=\"container\">\n\t\t\t\t<div class=\"elementor-element elementor-element-6d8cd1d elementor-widget elementor-widget-heading\" data-id=\"6d8cd1d\" data-element_type=\"widget\" data-e-type=\"widget\" data-widget_type=\"heading.default\">\n\t\t\t\t\t<h2 class=\"elementor-heading-title elementor-size-default\">Master Craftsman at Work<\/h2>\t\t\t\t<\/div>\n\t\t\t\t<\/div>\n\t\t<div class=\"elementor-element elementor-element-26b86e7 e-grid e-con-full e-con e-child\" data-id=\"26b86e7\" data-element_type=\"container\" data-e-type=\"container\">\n\t\t\t\t<div class=\"elementor-element elementor-element-5d40024 elementor-widget elementor-widget-video\" data-id=\"5d40024\" data-element_type=\"widget\" data-e-type=\"widget\" data-settings=\"{&quot;video_type&quot;:&quot;hosted&quot;,&quot;controls&quot;:&quot;yes&quot;}\" data-widget_type=\"video.default\">\n\t\t\t\t\t\t\t<div class=\"e-hosted-video elementor-wrapper elementor-open-inline\">\n\t\t\t\t\t<video class=\"elementor-video\" src=\"https:\/\/www.whitepipes.de\/wp-content\/uploads\/2025\/12\/Tatze1p720.mp4\" controls=\"\" preload=\"metadata\" controlslist=\"nodownload\"><\/video>\n\t\t\t\t<\/div>\n\t\t\t\t\t\t<\/div>\n\t\t\t\t<div class=\"elementor-element elementor-element-b76c3ef elementor-widget elementor-widget-video\" data-id=\"b76c3ef\" data-element_type=\"widget\" data-e-type=\"widget\" data-settings=\"{&quot;video_type&quot;:&quot;hosted&quot;,&quot;controls&quot;:&quot;yes&quot;}\" data-widget_type=\"video.default\">\n\t\t\t\t\t\t\t<div class=\"e-hosted-video elementor-wrapper elementor-open-inline\">\n\t\t\t\t\t<video class=\"elementor-video\" src=\"https:\/\/www.whitepipes.de\/wp-content\/uploads\/2025\/12\/Tatze2p720.mp4\" controls=\"\" preload=\"metadata\" controlslist=\"nodownload\"><\/video>\n\t\t\t\t<\/div>\n\t\t\t\t\t\t<\/div>\n\t\t\t\t<div class=\"elementor-element elementor-element-23c28ed elementor-widget elementor-widget-video\" data-id=\"23c28ed\" data-element_type=\"widget\" data-e-type=\"widget\" data-settings=\"{&quot;video_type&quot;:&quot;hosted&quot;,&quot;controls&quot;:&quot;yes&quot;}\" data-widget_type=\"video.default\">\n\t\t\t\t\t\t\t<div class=\"e-hosted-video elementor-wrapper elementor-open-inline\">\n\t\t\t\t\t<video class=\"elementor-video\" src=\"https:\/\/www.whitepipes.de\/wp-content\/uploads\/2025\/12\/Tatze3p720-1.mp4\" controls=\"\" preload=\"metadata\" controlslist=\"nodownload\"><\/video>\n\t\t\t\t<\/div>\n\t\t\t\t\t\t<\/div>\n\t\t\t\t<\/div>\n\t\t<div class=\"elementor-element elementor-element-f67491b e-grid e-con-boxed e-con e-child\" data-id=\"f67491b\" data-element_type=\"container\" data-e-type=\"container\">\n\t\t\t\t\t<div class=\"e-con-inner\">\n\t\t\t\t<div class=\"elementor-element elementor-element-d67b0d1 elementor-widget elementor-widget-video\" data-id=\"d67b0d1\" data-element_type=\"widget\" data-e-type=\"widget\" data-settings=\"{&quot;video_type&quot;:&quot;hosted&quot;,&quot;controls&quot;:&quot;yes&quot;}\" data-widget_type=\"video.default\">\n\t\t\t\t\t\t\t<div class=\"e-hosted-video elementor-wrapper elementor-open-inline\">\n\t\t\t\t\t<video class=\"elementor-video\" src=\"https:\/\/www.whitepipes.de\/wp-content\/uploads\/2025\/12\/Tatze4p720.mp4\" controls=\"\" preload=\"metadata\" controlslist=\"nodownload\"><\/video>\n\t\t\t\t<\/div>\n\t\t\t\t\t\t<\/div>\n\t\t\t\t<div class=\"elementor-element elementor-element-93e838d elementor-widget elementor-widget-video\" data-id=\"93e838d\" data-element_type=\"widget\" data-e-type=\"widget\" data-settings=\"{&quot;video_type&quot;:&quot;hosted&quot;,&quot;controls&quot;:&quot;yes&quot;}\" data-widget_type=\"video.default\">\n\t\t\t\t\t\t\t<div class=\"e-hosted-video elementor-wrapper elementor-open-inline\">\n\t\t\t\t\t<video class=\"elementor-video\" src=\"https:\/\/www.whitepipes.de\/wp-content\/uploads\/2025\/12\/Tatze5p720.mp4\" controls=\"\" preload=\"metadata\" controlslist=\"nodownload\"><\/video>\n\t\t\t\t<\/div>\n\t\t\t\t\t\t<\/div>\n\t\t\t\t\t<\/div>\n\t\t\t\t<\/div>\n\t\t\t\t<div class=\"elementor-element elementor-element-2c4fb78 elementor-widget elementor-widget-text-editor\" data-id=\"2c4fb78\" data-element_type=\"widget\" data-e-type=\"widget\" data-widget_type=\"text-editor.default\">\n\t\t\t\t\t\t\t\t\t<p>Explore the individual work steps:<\/p>\t\t\t\t\t\t\t\t<\/div>\n\t\t<div class=\"elementor-element elementor-element-b726dc1 e-con-full e-grid e-con e-child\" data-id=\"b726dc1\" data-element_type=\"container\" data-e-type=\"container\">\n\t\t\t\t<div class=\"elementor-element elementor-element-0aa0159 elementor-button-warning elementor-align-center elementor-widget elementor-widget-button\" data-id=\"0aa0159\" data-element_type=\"widget\" data-e-type=\"widget\" data-widget_type=\"button.default\">\n\t\t\t\t\t\t\t\t\t\t<a class=\"elementor-button elementor-button-link elementor-size-sm elementor-animation-grow\" href=\"https:\/\/www.whitepipes.de\/en\/turning\/\" id=\"1\">\n\t\t\t\t\t\t<span class=\"elementor-button-content-wrapper\">\n\t\t\t\t\t\t\t\t\t<span class=\"elementor-button-text\">turning -&gt;<\/span>\n\t\t\t\t\t<\/span>\n\t\t\t\t\t<\/a>\n\t\t\t\t\t\t\t\t<\/div>\n\t\t\t\t<div class=\"elementor-element elementor-element-761e512 elementor-button-warning elementor-align-center elementor-widget elementor-widget-button\" data-id=\"761e512\" data-element_type=\"widget\" data-e-type=\"widget\" data-widget_type=\"button.default\">\n\t\t\t\t\t\t\t\t\t\t<a class=\"elementor-button elementor-button-link elementor-size-sm elementor-animation-grow\" href=\"https:\/\/www.whitepipes.de\/en\/carving\/\" id=\"1\">\n\t\t\t\t\t\t<span class=\"elementor-button-content-wrapper\">\n\t\t\t\t\t\t\t\t\t<span class=\"elementor-button-text\">carving -&gt;<\/span>\n\t\t\t\t\t<\/span>\n\t\t\t\t\t<\/a>\n\t\t\t\t\t\t\t\t<\/div>\n\t\t\t\t<div class=\"elementor-element elementor-element-1e0862a elementor-button-warning elementor-align-center elementor-widget elementor-widget-button\" data-id=\"1e0862a\" data-element_type=\"widget\" data-e-type=\"widget\" data-widget_type=\"button.default\">\n\t\t\t\t\t\t\t\t\t\t<a class=\"elementor-button elementor-button-link elementor-size-sm elementor-animation-grow\" href=\"https:\/\/www.whitepipes.de\/en\/polishing\/\" id=\"1\">\n\t\t\t\t\t\t<span class=\"elementor-button-content-wrapper\">\n\t\t\t\t\t\t\t\t\t<span class=\"elementor-button-text\">polishing -&gt;<\/span>\n\t\t\t\t\t<\/span>\n\t\t\t\t\t<\/a>\n\t\t\t\t\t\t\t\t<\/div>\n\t\t\t\t<div class=\"elementor-element elementor-element-6787000 elementor-button-warning elementor-align-center elementor-widget elementor-widget-button\" data-id=\"6787000\" data-element_type=\"widget\" data-e-type=\"widget\" data-widget_type=\"button.default\">\n\t\t\t\t\t\t\t\t\t\t<a class=\"elementor-button elementor-button-link elementor-size-sm elementor-animation-grow\" href=\"https:\/\/www.whitepipes.de\/en\/sealing\/\" id=\"1\">\n\t\t\t\t\t\t<span class=\"elementor-button-content-wrapper\">\n\t\t\t\t\t\t\t\t\t<span class=\"elementor-button-text\">sealing -&gt;<\/span>\n\t\t\t\t\t<\/span>\n\t\t\t\t\t<\/a>\n\t\t\t\t\t\t\t\t<\/div>\n\t\t\t\t<\/div>\n\t\t\t\t<\/div>\n\t\t\t\t\t<\/div>\n\t\t\t\t<\/div>\n\t\t\t\t<\/div>","protected":false},"excerpt":{"rendered":"<p>Atelier Entdecken Sie die Kunst der Meerschaumpfeife \u2013 von der rohen Form bis zum gl\u00e4nzenden Meisterst\u00fcck.In unserem Atelier begleiten wir jeden Schritt der Entstehung einer echten Meerschaumpfeife. Vom pr\u00e4zisen Fr\u00e4sen des Rohmaterials \u00fcber das detailverliebte Schnitzen, bis hin zum Polieren und abschlie\u00dfenden Versiegeln \u2013 jede Phase verlangt handwerkliches Geschick, Erfahrung und Leidenschaft. Tauchen Sie ein [&hellip;]<\/p>\n","protected":false},"author":1,"featured_media":0,"parent":0,"menu_order":0,"comment_status":"closed","ping_status":"closed","template":"","meta":{"footnotes":""},"class_list":["post-31","page","type-page","status-publish","hentry"],"blocksy_meta":[],"_links":{"self":[{"href":"https:\/\/www.whitepipes.de\/en\/wp-json\/wp\/v2\/pages\/31","targetHints":{"allow":["GET"]}}],"collection":[{"href":"https:\/\/www.whitepipes.de\/en\/wp-json\/wp\/v2\/pages"}],"about":[{"href":"https:\/\/www.whitepipes.de\/en\/wp-json\/wp\/v2\/types\/page"}],"author":[{"embeddable":true,"href":"https:\/\/www.whitepipes.de\/en\/wp-json\/wp\/v2\/users\/1"}],"replies":[{"embeddable":true,"href":"https:\/\/www.whitepipes.de\/en\/wp-json\/wp\/v2\/comments?post=31"}],"version-history":[{"count":76,"href":"https:\/\/www.whitepipes.de\/en\/wp-json\/wp\/v2\/pages\/31\/revisions"}],"predecessor-version":[{"id":1833,"href":"https:\/\/www.whitepipes.de\/en\/wp-json\/wp\/v2\/pages\/31\/revisions\/1833"}],"wp:attachment":[{"href":"https:\/\/www.whitepipes.de\/en\/wp-json\/wp\/v2\/media?parent=31"}],"curies":[{"name":"wp","href":"https:\/\/api.w.org\/{rel}","templated":true}]}}