{"id":19,"date":"2025-10-30T08:35:27","date_gmt":"2025-10-30T07:35:27","guid":{"rendered":"https:\/\/probe.itservice-alt.de\/?page_id=19"},"modified":"2025-12-11T00:06:46","modified_gmt":"2025-12-10T23:06:46","slug":"ueber-uns","status":"publish","type":"page","link":"https:\/\/www.whitepipes.de\/en\/ueber-uns\/","title":{"rendered":"Story"},"content":{"rendered":"<div data-elementor-type=\"wp-page\" data-elementor-id=\"19\" class=\"elementor elementor-19\">\n\t\t\t\t<div class=\"elementor-element elementor-element-0957e8a e-flex e-con-boxed e-con e-parent\" data-id=\"0957e8a\" data-element_type=\"container\" data-e-type=\"container\">\n\t\t\t\t\t<div class=\"e-con-inner\">\n\t\t<div class=\"elementor-element elementor-element-65461a1 e-con-full e-flex e-con e-child\" data-id=\"65461a1\" data-element_type=\"container\" data-e-type=\"container\">\n\t\t\t\t<div class=\"elementor-element elementor-element-581872b elementor-widget elementor-widget-image\" data-id=\"581872b\" data-element_type=\"widget\" data-e-type=\"widget\" data-widget_type=\"image.default\">\n\t\t\t\t\t\t\t\t\t\t\t\t\t\t\t<img decoding=\"async\" width=\"150\" height=\"150\" src=\"https:\/\/www.whitepipes.de\/wp-content\/uploads\/2025\/11\/Trenner-150x150.png\" class=\"attachment-thumbnail size-thumbnail wp-image-699\" alt=\"\" srcset=\"https:\/\/www.whitepipes.de\/wp-content\/uploads\/2025\/11\/Trenner-150x150.png 150w, https:\/\/www.whitepipes.de\/wp-content\/uploads\/2025\/11\/Trenner-300x300.png 300w, https:\/\/www.whitepipes.de\/wp-content\/uploads\/2025\/11\/Trenner-768x768.png 768w, https:\/\/www.whitepipes.de\/wp-content\/uploads\/2025\/11\/Trenner.png 1024w\" sizes=\"(max-width: 150px) 100vw, 150px\" \/>\t\t\t\t\t\t\t\t\t\t\t\t\t\t\t<\/div>\n\t\t\t\t<\/div>\n\t\t\t\t\t<\/div>\n\t\t\t\t<\/div>\n\t\t<div class=\"elementor-element elementor-element-7d3dc49 e-flex e-con-boxed e-con e-parent\" data-id=\"7d3dc49\" data-element_type=\"container\" data-e-type=\"container\">\n\t\t\t\t\t<div class=\"e-con-inner\">\n\t\t<div class=\"elementor-element elementor-element-7170df6 e-con-full e-flex e-con e-child\" data-id=\"7170df6\" data-element_type=\"container\" data-e-type=\"container\" data-settings=\"{&quot;background_background&quot;:&quot;gradient&quot;}\">\n\t\t\t\t<div class=\"elementor-element elementor-element-965bf2b elementor-widget elementor-widget-heading\" data-id=\"965bf2b\" data-element_type=\"widget\" data-e-type=\"widget\" data-widget_type=\"heading.default\">\n\t\t\t\t\t<h2 class=\"elementor-heading-title elementor-size-default\">The White Soul of Anatolia<\/h2>\t\t\t\t<\/div>\n\t\t\t\t<div class=\"elementor-element elementor-element-3c44c9b elementor-widget elementor-widget-text-editor\" data-id=\"3c44c9b\" data-element_type=\"widget\" data-e-type=\"widget\" data-widget_type=\"text-editor.default\">\n\t\t\t\t\t\t\t\t\t<p>A History of the Meerschaum Pipe<\/p>\t\t\t\t\t\t\t\t<\/div>\n\t\t\t\t<\/div>\n\t\t<div class=\"elementor-element elementor-element-b97bff9 e-con-full e-flex e-con e-child\" data-id=\"b97bff9\" data-element_type=\"container\" data-e-type=\"container\">\n\t\t\t\t<div class=\"elementor-element elementor-element-fbff014 elementor-widget elementor-widget-image\" data-id=\"fbff014\" data-element_type=\"widget\" data-e-type=\"widget\" data-widget_type=\"image.default\">\n\t\t\t\t\t\t\t\t\t\t\t\t\t\t\t<img fetchpriority=\"high\" decoding=\"async\" width=\"768\" height=\"331\" src=\"https:\/\/www.whitepipes.de\/wp-content\/uploads\/2025\/11\/memleket-129f5bd0-768x331.jpg\" class=\"attachment-medium_large size-medium_large wp-image-1232\" alt=\"\" srcset=\"https:\/\/www.whitepipes.de\/wp-content\/uploads\/2025\/11\/memleket-129f5bd0-768x331.jpg 768w, https:\/\/www.whitepipes.de\/wp-content\/uploads\/2025\/11\/memleket-129f5bd0-300x129.jpg 300w, https:\/\/www.whitepipes.de\/wp-content\/uploads\/2025\/11\/memleket-129f5bd0-1024x442.jpg 1024w, https:\/\/www.whitepipes.de\/wp-content\/uploads\/2025\/11\/memleket-129f5bd0.jpg 1238w\" sizes=\"(max-width: 768px) 100vw, 768px\" \/>\t\t\t\t\t\t\t\t\t\t\t\t\t\t\t<\/div>\n\t\t\t\t<\/div>\n\t\t\t\t\t<\/div>\n\t\t\t\t<\/div>\n\t\t<div class=\"elementor-element elementor-element-d1fd9fc e-con-full e-flex e-con e-parent\" data-id=\"d1fd9fc\" data-element_type=\"container\" data-e-type=\"container\">\n\t\t<div class=\"elementor-element elementor-element-da4c48e e-con-full e-flex e-con e-child\" data-id=\"da4c48e\" data-element_type=\"container\" data-e-type=\"container\" data-settings=\"{&quot;background_background&quot;:&quot;gradient&quot;}\">\n\t\t\t\t<div class=\"elementor-element elementor-element-570c1fd elementor-widget elementor-widget-text-editor\" data-id=\"570c1fd\" data-element_type=\"widget\" data-e-type=\"widget\" data-widget_type=\"text-editor.default\">\n\t\t\t\t\t\t\t\t\t<p>It all begins deep underground. In the dusty shafts around Eski\u015fehir, in villages like Sarisu, T\u00fcrkmentokat, Sepet\u00e7i, and Karatepe, men dig with their bare hands and simple tools for a mineral unlike any other in the world: L\u00fcleta\u015f\u0131 \u2013 Meerschaum. White as marble, porous as a sponge, and so light it floats on water.<\/p><p>For over 250 years, this precious mineral has been extracted from depths of up to 80 meters. It\u2019s no easy work \u2013 narrow, suffocating, dangerous. Yet it is a craft passed down from generation to generation. It's not riches that tie people to this art, but pride. The dignity of turning an unremarkable stone into something timeless.<\/p>\t\t\t\t\t\t\t\t<\/div>\n\t\t\t\t<\/div>\n\t\t\t\t<\/div>\n\t\t<div class=\"elementor-element elementor-element-62135f5 e-flex e-con-boxed e-con e-parent\" data-id=\"62135f5\" data-element_type=\"container\" data-e-type=\"container\">\n\t\t\t\t\t<div class=\"e-con-inner\">\n\t\t\t\t<div class=\"elementor-element elementor-element-4d6fd7f elementor-widget-divider--view-line elementor-widget elementor-widget-divider\" data-id=\"4d6fd7f\" data-element_type=\"widget\" data-e-type=\"widget\" data-widget_type=\"divider.default\">\n\t\t\t\t\t\t\t<div class=\"elementor-divider\">\n\t\t\t<span class=\"elementor-divider-separator\">\n\t\t\t\t\t\t<\/span>\n\t\t<\/div>\n\t\t\t\t\t\t<\/div>\n\t\t\t\t\t<\/div>\n\t\t\t\t<\/div>\n\t\t<div class=\"elementor-element elementor-element-baf14f0 e-flex e-con-boxed e-con e-parent\" data-id=\"baf14f0\" data-element_type=\"container\" data-e-type=\"container\">\n\t\t\t\t\t<div class=\"e-con-inner\">\n\t\t\t\t<div class=\"elementor-element elementor-element-66f178a e-transform e-n-tabs-mobile elementor-widget elementor-widget-n-tabs\" data-id=\"66f178a\" data-element_type=\"widget\" data-e-type=\"widget\" data-settings=\"{&quot;tabs_justify_horizontal&quot;:&quot;center&quot;,&quot;_transform_scale_effect&quot;:{&quot;unit&quot;:&quot;px&quot;,&quot;size&quot;:1.1,&quot;sizes&quot;:[]},&quot;horizontal_scroll&quot;:&quot;enable&quot;,&quot;_transform_scale_effect_tablet&quot;:{&quot;unit&quot;:&quot;px&quot;,&quot;size&quot;:&quot;&quot;,&quot;sizes&quot;:[]},&quot;_transform_scale_effect_mobile&quot;:{&quot;unit&quot;:&quot;px&quot;,&quot;size&quot;:&quot;&quot;,&quot;sizes&quot;:[]}}\" data-widget_type=\"nested-tabs.default\">\n\t\t\t\t\t\t\t<div class=\"e-n-tabs\" data-widget-number=\"107943818\" aria-label=\"Tabs. Open items with Enter or Space, close with Escape and navigate using the Arrow keys.\">\n\t\t\t<div class=\"e-n-tabs-heading\" role=\"tablist\">\n\t\t\t\t\t<button id=\"e-n-tab-title-1079438181\" data-tab-title-id=\"e-n-tab-title-1079438181\" class=\"e-n-tab-title\" aria-selected=\"true\" data-tab-index=\"1\" role=\"tab\" tabindex=\"0\" aria-controls=\"e-n-tab-content-1079438181\" style=\"--n-tabs-title-order: 1;\">\n\t\t\t\t\t\t<span class=\"e-n-tab-title-text\">\n\t\t\t\tSarisu\t\t\t<\/span>\n\t\t<\/button>\n\t\t\t\t<button id=\"e-n-tab-title-1079438182\" data-tab-title-id=\"e-n-tab-title-1079438182\" class=\"e-n-tab-title\" aria-selected=\"false\" data-tab-index=\"2\" role=\"tab\" tabindex=\"-1\" aria-controls=\"e-n-tab-content-1079438182\" style=\"--n-tabs-title-order: 2;\">\n\t\t\t\t\t\t<span class=\"e-n-tab-title-text\">\n\t\t\t\tT\u00fcrkmentokat\t\t\t<\/span>\n\t\t<\/button>\n\t\t\t\t<button id=\"e-n-tab-title-1079438183\" data-tab-title-id=\"e-n-tab-title-1079438183\" class=\"e-n-tab-title\" aria-selected=\"false\" data-tab-index=\"3\" role=\"tab\" tabindex=\"-1\" aria-controls=\"e-n-tab-content-1079438183\" style=\"--n-tabs-title-order: 3;\">\n\t\t\t\t\t\t<span class=\"e-n-tab-title-text\">\n\t\t\t\tSepet\u00e7i\t\t\t<\/span>\n\t\t<\/button>\n\t\t\t\t<button id=\"e-n-tab-title-1079438184\" data-tab-title-id=\"e-n-tab-title-1079438184\" class=\"e-n-tab-title\" aria-selected=\"false\" data-tab-index=\"4\" role=\"tab\" tabindex=\"-1\" aria-controls=\"e-n-tab-content-1079438184\" style=\"--n-tabs-title-order: 4;\">\n\t\t\t\t\t\t<span class=\"e-n-tab-title-text\">\n\t\t\t\tKaratepe\t\t\t<\/span>\n\t\t<\/button>\n\t\t\t\t\t<\/div>\n\t\t\t<div class=\"e-n-tabs-content\">\n\t\t\t\t<div id=\"e-n-tab-content-1079438181\" role=\"tabpanel\" aria-labelledby=\"e-n-tab-title-1079438181\" data-tab-index=\"1\" style=\"--n-tabs-title-order: 1;\" class=\"e-active elementor-element elementor-element-3309881 e-con-full e-flex e-con e-child\" data-id=\"3309881\" data-element_type=\"container\" data-e-type=\"container\">\n\t\t\t\t<div class=\"elementor-element elementor-element-f064447 elementor-widget elementor-widget-text-editor\" data-id=\"f064447\" data-element_type=\"widget\" data-e-type=\"widget\" data-widget_type=\"text-editor.default\">\n\t\t\t\t\t\t\t\t\t<p>Famous for the purity and homogeneity of its meerschaum.<\/p>\t\t\t\t\t\t\t\t<\/div>\n\t\t\t\t<\/div>\n\t\t<div id=\"e-n-tab-content-1079438182\" role=\"tabpanel\" aria-labelledby=\"e-n-tab-title-1079438182\" data-tab-index=\"2\" style=\"--n-tabs-title-order: 2;\" class=\"elementor-element elementor-element-a43b05e e-con-full e-flex e-con e-child\" data-id=\"a43b05e\" data-element_type=\"container\" data-e-type=\"container\">\n\t\t\t\t<div class=\"elementor-element elementor-element-895ada9 elementor-widget elementor-widget-text-editor\" data-id=\"895ada9\" data-element_type=\"widget\" data-e-type=\"widget\" data-widget_type=\"text-editor.default\">\n\t\t\t\t\t\t\t\t\t<p>Traditional mining site with a centuries-long history.<\/p>\t\t\t\t\t\t\t\t<\/div>\n\t\t\t\t<\/div>\n\t\t<div id=\"e-n-tab-content-1079438183\" role=\"tabpanel\" aria-labelledby=\"e-n-tab-title-1079438183\" data-tab-index=\"3\" style=\"--n-tabs-title-order: 3;\" class=\"elementor-element elementor-element-cedadeb e-con-full e-flex e-con e-child\" data-id=\"cedadeb\" data-element_type=\"container\" data-e-type=\"container\">\n\t\t\t\t<div class=\"elementor-element elementor-element-0a4d33c elementor-widget elementor-widget-text-editor\" data-id=\"0a4d33c\" data-element_type=\"widget\" data-e-type=\"widget\" data-widget_type=\"text-editor.default\">\n\t\t\t\t\t\t\t\t\t<p>Known for high-quality material for fine processing.<\/p>\t\t\t\t\t\t\t\t<\/div>\n\t\t\t\t<\/div>\n\t\t<div id=\"e-n-tab-content-1079438184\" role=\"tabpanel\" aria-labelledby=\"e-n-tab-title-1079438184\" data-tab-index=\"4\" style=\"--n-tabs-title-order: 4;\" class=\"elementor-element elementor-element-572e708 e-flex e-con-boxed e-con e-child\" data-id=\"572e708\" data-element_type=\"container\" data-e-type=\"container\">\n\t\t\t\t\t<div class=\"e-con-inner\">\n\t\t\t\t<div class=\"elementor-element elementor-element-c3fd122 elementor-widget elementor-widget-text-editor\" data-id=\"c3fd122\" data-element_type=\"widget\" data-e-type=\"widget\" data-widget_type=\"text-editor.default\">\n\t\t\t\t\t\t\t\t\t<p>Provides valuable stone for artisans<\/p>\t\t\t\t\t\t\t\t<\/div>\n\t\t\t\t\t<\/div>\n\t\t\t\t<\/div>\n\t\t\t\t\t<\/div>\n\t\t<\/div>\n\t\t\t\t\t\t<\/div>\n\t\t<div class=\"elementor-element elementor-element-c7adde3 e-con-full e-flex e-con e-child\" data-id=\"c7adde3\" data-element_type=\"container\" data-e-type=\"container\">\n\t\t\t\t<div class=\"elementor-element elementor-element-a6adb47 elementor-widget-divider--view-line elementor-widget elementor-widget-divider\" data-id=\"a6adb47\" data-element_type=\"widget\" data-e-type=\"widget\" data-widget_type=\"divider.default\">\n\t\t\t\t\t\t\t<div class=\"elementor-divider\">\n\t\t\t<span class=\"elementor-divider-separator\">\n\t\t\t\t\t\t<\/span>\n\t\t<\/div>\n\t\t\t\t\t\t<\/div>\n\t\t\t\t<\/div>\n\t\t\t\t\t<\/div>\n\t\t\t\t<\/div>\n\t\t<div class=\"elementor-element elementor-element-ecc1842 e-flex e-con-boxed e-con e-parent\" data-id=\"ecc1842\" data-element_type=\"container\" data-e-type=\"container\">\n\t\t\t\t\t<div class=\"e-con-inner\">\n\t\t<div class=\"elementor-element elementor-element-367a2f2 e-con-full e-flex e-con e-child\" data-id=\"367a2f2\" data-element_type=\"container\" data-e-type=\"container\" data-settings=\"{&quot;background_background&quot;:&quot;gradient&quot;}\">\n\t\t<div class=\"elementor-element elementor-element-54f47e8 e-con-full e-flex e-con e-child\" data-id=\"54f47e8\" data-element_type=\"container\" data-e-type=\"container\">\n\t\t\t\t<div class=\"elementor-element elementor-element-d1a8315 elementor-widget elementor-widget-heading\" data-id=\"d1a8315\" data-element_type=\"widget\" data-e-type=\"widget\" data-widget_type=\"heading.default\">\n\t\t\t\t\t<h2 class=\"elementor-heading-title elementor-size-default\">Ali Osman Denizk\u00f6p\u00fc\u011f\u00fc<\/h2>\t\t\t\t<\/div>\n\t\t\t\t<div class=\"elementor-element elementor-element-7fb6c51 elementor-widget elementor-widget-text-editor\" data-id=\"7fb6c51\" data-element_type=\"widget\" data-e-type=\"widget\" data-widget_type=\"text-editor.default\">\n\t\t\t\t\t\t\t\t\t<p>The King of Meerschaum<\/p>\t\t\t\t\t\t\t\t<\/div>\n\t\t\t\t<\/div>\n\t\t\t\t<div class=\"elementor-element elementor-element-6765a72 elementor-widget elementor-widget-text-editor\" data-id=\"6765a72\" data-element_type=\"widget\" data-e-type=\"widget\" data-widget_type=\"text-editor.default\">\n\t\t\t\t\t\t\t\t\t<p>In this world, a boy once grew up who would go down in history as the \u201cKing of Meerschaum\u201d \u2013 Ali Osman Denizk\u00f6p\u00fc\u011f\u00fc (1897\u20131961). He began his work in the 1920s, during a time when pipes were still common in aristocratic salons and literary circles.<\/p>\t\t\t\t\t\t\t\t<\/div>\n\t\t\t\t<div class=\"elementor-element elementor-element-3d67d88 elementor-widget elementor-widget-text-editor\" data-id=\"3d67d88\" data-element_type=\"widget\" data-e-type=\"widget\" data-widget_type=\"text-editor.default\">\n\t\t\t\t\t\t\t\t\t<p>Few know that he received his surname \u201cDenizk\u00f6p\u00fc\u011f\u00fc\u201d \u2013 which means \u201cMeerschaum\u201d \u2013 directly from Mustafa Kemal Atat\u00fcrk himself. A gesture of deep respect for his mastery and contribution to Turkish craftsmanship. Ali Osman Denizk\u00f6p\u00fc\u011f\u00fc was not only a master in his own right \u2013 he was a teacher and a pioneer. Many of today's pipe carvers trace their roots back to him.<\/p>\t\t\t\t\t\t\t\t<\/div>\n\t\t\t\t<\/div>\n\t\t\t\t<div class=\"elementor-element elementor-element-56d2134 elementor-widget-divider--view-line elementor-widget elementor-widget-divider\" data-id=\"56d2134\" data-element_type=\"widget\" data-e-type=\"widget\" data-widget_type=\"divider.default\">\n\t\t\t\t\t\t\t<div class=\"elementor-divider\">\n\t\t\t<span class=\"elementor-divider-separator\">\n\t\t\t\t\t\t<\/span>\n\t\t<\/div>\n\t\t\t\t\t\t<\/div>\n\t\t<div class=\"elementor-element elementor-element-0f533bf e-con-full e-flex e-con e-child\" data-id=\"0f533bf\" data-element_type=\"container\" data-e-type=\"container\">\n\t\t<div class=\"elementor-element elementor-element-1246c72 e-con-full e-flex e-con e-child\" data-id=\"1246c72\" data-element_type=\"container\" data-e-type=\"container\" data-settings=\"{&quot;background_background&quot;:&quot;gradient&quot;}\">\n\t\t<div class=\"elementor-element elementor-element-b8af8f4 e-con-full e-flex e-con e-child\" data-id=\"b8af8f4\" data-element_type=\"container\" data-e-type=\"container\">\n\t\t\t\t<div class=\"elementor-element elementor-element-4f2f8dc elementor-widget elementor-widget-heading\" data-id=\"4f2f8dc\" data-element_type=\"widget\" data-e-type=\"widget\" data-widget_type=\"heading.default\">\n\t\t\t\t\t<p class=\"elementor-heading-title elementor-size-default\">From Eski\u015fehir to Vienna<\/p>\t\t\t\t<\/div>\n\t\t\t\t<div class=\"elementor-element elementor-element-138cf1c elementor-widget elementor-widget-text-editor\" data-id=\"138cf1c\" data-element_type=\"widget\" data-e-type=\"widget\" data-widget_type=\"text-editor.default\">\n\t\t\t\t\t\t\t\t\t<p>A Pipe Conquers Europe<\/p>\t\t\t\t\t\t\t\t<\/div>\n\t\t\t\t<\/div>\n\t\t\t\t<div class=\"elementor-element elementor-element-7836c1d elementor-widget elementor-widget-text-editor\" data-id=\"7836c1d\" data-element_type=\"widget\" data-e-type=\"widget\" data-widget_type=\"text-editor.default\">\n\t\t\t\t\t\t\t\t\t<p>As early as the 17th century, the first meerschaum pipes arrived in Europe via Ottoman merchants. In Vienna, where the cool smoke of the \u201cwhite goddess\u201d was quickly appreciated, the success story took shape. Yet the true heart of this craft always beat in Anatolia.<\/p><p>In 1961, the Turkish government decided to ban the export of raw meerschaum to protect the value of this cultural asset. From then on, the material could only be exported in its finished form \u2013 a move that didn\u2019t ease the burden on the craftsmen but instead raised the bar for quality even higher.<\/p><p>Whether this led to an economic renaissance is hard to say. Many of these artisans still live modest lives. Yet their pride in their work and their love for tradition remain unshaken to this day.<\/p>\t\t\t\t\t\t\t\t<\/div>\n\t\t\t\t<div class=\"elementor-element elementor-element-bcebf77 elementor-widget-divider--view-line elementor-widget elementor-widget-divider\" data-id=\"bcebf77\" data-element_type=\"widget\" data-e-type=\"widget\" data-widget_type=\"divider.default\">\n\t\t\t\t\t\t\t<div class=\"elementor-divider\">\n\t\t\t<span class=\"elementor-divider-separator\">\n\t\t\t\t\t\t<\/span>\n\t\t<\/div>\n\t\t\t\t\t\t<\/div>\n\t\t\t\t<\/div>\n\t\t<div class=\"elementor-element elementor-element-71f1983 e-con-full e-flex e-con e-child\" data-id=\"71f1983\" data-element_type=\"container\" data-e-type=\"container\">\n\t\t<div class=\"elementor-element elementor-element-91843a2 e-con-full e-flex e-con e-child\" data-id=\"91843a2\" data-element_type=\"container\" data-e-type=\"container\" data-settings=\"{&quot;background_background&quot;:&quot;gradient&quot;}\">\n\t\t<div class=\"elementor-element elementor-element-76d4312 e-con-full e-flex e-con e-child\" data-id=\"76d4312\" data-element_type=\"container\" data-e-type=\"container\">\n\t\t\t\t<div class=\"elementor-element elementor-element-4e91f95 elementor-widget elementor-widget-heading\" data-id=\"4e91f95\" data-element_type=\"widget\" data-e-type=\"widget\" data-widget_type=\"heading.default\">\n\t\t\t\t\t<p class=\"elementor-heading-title elementor-size-default\">From Stone to Artwork<\/p>\t\t\t\t<\/div>\n\t\t\t\t<\/div>\n\t\t\t\t<div class=\"elementor-element elementor-element-721bb44 elementor-widget elementor-widget-text-editor\" data-id=\"721bb44\" data-element_type=\"widget\" data-e-type=\"widget\" data-widget_type=\"text-editor.default\">\n\t\t\t\t\t\t\t\t\t<p>Creating a meerschaum pipe is an act of patience. Each stone is hand-cut, shaped, and carved \u2013 every piece is a one-of-a-kind. The finest pipes come from the Sarisu mining region, known for its purity and consistency. Valuable material also comes from T\u00fcrkmentokat, Sepet\u00e7i, and Karatepe, all suitable for detailed craftsmanship.<\/p><p>The finished pipes are carefully sealed in a two-step process to protect the surface. Those who prefer a warm yellow tone may choose a pipe finished with natural beeswax \u2013 a technique that supports the pipe\u2019s gradual, signature transformation in color: from honey to amber, to rich chestnut brown with use. A living diary of pleasure.<\/p><p>In the past, it was said that meerschaum pipes should only be touched with velvet gloves to prevent stains. Today, that's no longer necessary. Our pipes are made for real use \u2013 beautiful but not shy, artistic but practical.<\/p>\t\t\t\t\t\t\t\t<\/div>\n\t\t\t\t<\/div>\n\t\t\t\t<\/div>\n\t\t\t\t<\/div>\n\t\t\t\t\t<\/div>\n\t\t\t\t<\/div>\n\t\t<div class=\"elementor-element elementor-element-7c5ca1f e-flex e-con-boxed e-con e-parent\" data-id=\"7c5ca1f\" data-element_type=\"container\" data-e-type=\"container\">\n\t\t\t\t\t<div class=\"e-con-inner\">\n\t\t\t\t\t<\/div>\n\t\t\t\t<\/div>\n\t\t\t\t<\/div>","protected":false},"excerpt":{"rendered":"<p>Die wei\u00dfe G\u00f6ttin Eine Geschichte der Meerschaumpfeife Es beginnt tief unter der Erde. In den staubigen Sch\u00e4chten rund um Eski\u015fehir, in Orten wie Sarisu, T\u00fcrkmentokat, Sepet\u00e7i und Karatepe, graben M\u00e4nner mit blo\u00dfen H\u00e4nden und einfachen Werkzeugen nach einem Gestein, das in der Welt seinesgleichen sucht: L\u00fcleta\u015f\u0131 \u2013 Meerschaum. Wei\u00df wie Marmor, por\u00f6s wie ein Schwamm [&hellip;]<\/p>\n","protected":false},"author":1,"featured_media":0,"parent":0,"menu_order":0,"comment_status":"closed","ping_status":"closed","template":"","meta":{"footnotes":""},"class_list":["post-19","page","type-page","status-publish","hentry"],"blocksy_meta":[],"_links":{"self":[{"href":"https:\/\/www.whitepipes.de\/en\/wp-json\/wp\/v2\/pages\/19","targetHints":{"allow":["GET"]}}],"collection":[{"href":"https:\/\/www.whitepipes.de\/en\/wp-json\/wp\/v2\/pages"}],"about":[{"href":"https:\/\/www.whitepipes.de\/en\/wp-json\/wp\/v2\/types\/page"}],"author":[{"embeddable":true,"href":"https:\/\/www.whitepipes.de\/en\/wp-json\/wp\/v2\/users\/1"}],"replies":[{"embeddable":true,"href":"https:\/\/www.whitepipes.de\/en\/wp-json\/wp\/v2\/comments?post=19"}],"version-history":[{"count":283,"href":"https:\/\/www.whitepipes.de\/en\/wp-json\/wp\/v2\/pages\/19\/revisions"}],"predecessor-version":[{"id":1770,"href":"https:\/\/www.whitepipes.de\/en\/wp-json\/wp\/v2\/pages\/19\/revisions\/1770"}],"wp:attachment":[{"href":"https:\/\/www.whitepipes.de\/en\/wp-json\/wp\/v2\/media?parent=19"}],"curies":[{"name":"wp","href":"https:\/\/api.w.org\/{rel}","templated":true}]}}