{"id":1686,"date":"2025-12-10T18:32:05","date_gmt":"2025-12-10T17:32:05","guid":{"rendered":"https:\/\/www.whitepipes.de\/?page_id=1686"},"modified":"2025-12-11T18:42:35","modified_gmt":"2025-12-11T17:42:35","slug":"news","status":"publish","type":"page","link":"https:\/\/www.whitepipes.de\/en\/news\/","title":{"rendered":"News"},"content":{"rendered":"<div data-elementor-type=\"wp-page\" data-elementor-id=\"1686\" class=\"elementor elementor-1686\">\n\t\t\t\t<div class=\"elementor-element elementor-element-9a26253 e-flex e-con-boxed e-con e-parent\" data-id=\"9a26253\" data-element_type=\"container\" data-e-type=\"container\">\n\t\t\t\t\t<div class=\"e-con-inner\">\n\t\t<div class=\"elementor-element elementor-element-90131a0 e-con-full e-flex e-con e-child\" data-id=\"90131a0\" data-element_type=\"container\" data-e-type=\"container\" data-settings=\"{&quot;background_background&quot;:&quot;gradient&quot;}\">\n\t\t<div class=\"elementor-element elementor-element-f0a3458 e-flex e-con-boxed e-con e-child\" data-id=\"f0a3458\" data-element_type=\"container\" data-e-type=\"container\">\n\t\t\t\t\t<div class=\"e-con-inner\">\n\t\t\t\t<div class=\"elementor-element elementor-element-5e42880 elementor-widget elementor-widget-image\" data-id=\"5e42880\" data-element_type=\"widget\" data-e-type=\"widget\" data-widget_type=\"image.default\">\n\t\t\t\t\t\t\t\t\t\t\t\t\t\t\t<img decoding=\"async\" width=\"150\" height=\"150\" src=\"https:\/\/www.whitepipes.de\/wp-content\/uploads\/2025\/11\/Trenner-150x150.png\" class=\"attachment-thumbnail size-thumbnail wp-image-699\" alt=\"\" srcset=\"https:\/\/www.whitepipes.de\/wp-content\/uploads\/2025\/11\/Trenner-150x150.png 150w, https:\/\/www.whitepipes.de\/wp-content\/uploads\/2025\/11\/Trenner-300x300.png 300w, https:\/\/www.whitepipes.de\/wp-content\/uploads\/2025\/11\/Trenner-768x768.png 768w, https:\/\/www.whitepipes.de\/wp-content\/uploads\/2025\/11\/Trenner.png 1024w\" sizes=\"(max-width: 150px) 100vw, 150px\" \/>\t\t\t\t\t\t\t\t\t\t\t\t\t\t\t<\/div>\n\t\t\t\t\t<\/div>\n\t\t\t\t<\/div>\n\t\t\t\t<div class=\"elementor-element elementor-element-6797658 elementor-widget elementor-widget-heading\" data-id=\"6797658\" data-element_type=\"widget\" data-e-type=\"widget\" data-widget_type=\"heading.default\">\n\t\t\t\t\t<h2 class=\"elementor-heading-title elementor-size-default\">Catalogs<\/h2>\t\t\t\t<\/div>\n\t\t<div class=\"elementor-element elementor-element-2d2bf2e e-con-full e-flex e-con e-child\" data-id=\"2d2bf2e\" data-element_type=\"container\" data-e-type=\"container\">\n\t\t\t\t<div class=\"elementor-element elementor-element-c4e63e3 elementor-widget elementor-widget-text-editor\" data-id=\"c4e63e3\" data-element_type=\"widget\" data-e-type=\"widget\" data-widget_type=\"text-editor.default\">\n\t\t\t\t\t\t\t\t\t<h5><span style=\"text-decoration: underline;\"><strong>Product Information<\/strong><\/span><\/h5><p>Our pipes are handcrafted unique pieces made from natural meerschaum. Variations in color, structure, and pattern are natural characteristics of the material and do not constitute a defect.<\/p><p class=\"translation-block\">Claims can be considered <strong>within 4 weeks<\/strong> from the date of purchase. After extended storage, we cannot provide any guarantee for material-specific changes. <strong>Requests beyond this period may be reviewed on a discretionary goodwill basis.<\/strong><\/p><p class=\"translation-block\">Please note that <strong>used pipes<\/strong> cannot be returned or claimed.<\/p>\t\t\t\t\t\t\t\t<\/div>\n\t\t\t\t<div class=\"elementor-element elementor-element-8d39cea elementor-widget elementor-widget-text-editor\" data-id=\"8d39cea\" data-element_type=\"widget\" data-e-type=\"widget\" data-widget_type=\"text-editor.default\">\n\t\t\t\t\t\t\t\t\t<p>Catalog here to download:<\/p>\t\t\t\t\t\t\t\t<\/div>\n\t\t\t\t<\/div>\n\t\t\t\t<div class=\"elementor-element elementor-element-0e36c21 elementor-widget elementor-widget-text-editor\" data-id=\"0e36c21\" data-element_type=\"widget\" data-e-type=\"widget\" data-widget_type=\"text-editor.default\">\n\t\t\t\t\t\t\t\t\t<p><a href=\"https:\/\/www.whitepipes.de\/wp-content\/uploads\/2025\/12\/Withe_Pipes_Catalogue-AW-25-nF-o.P.pdf\">White_Pipes_Catalogue AW 25 nF<\/a><\/p><p><a href=\"https:\/\/www.whitepipes.de\/wp-content\/uploads\/2025\/12\/Withe_Pipes_Catalogue-AW-25-wF-o.P-1.pdf\">White_Pipes_Catalogue AW 25 wF<\/a><\/p>\t\t\t\t\t\t\t\t<\/div>\n\t\t\t\t<\/div>\n\t\t\t\t\t<\/div>\n\t\t\t\t<\/div>\n\t\t<div class=\"elementor-element elementor-element-8b99e42 e-flex e-con-boxed e-con e-parent\" data-id=\"8b99e42\" data-element_type=\"container\" data-e-type=\"container\">\n\t\t\t\t\t<div class=\"e-con-inner\">\n\t\t\t\t\t<\/div>\n\t\t\t\t<\/div>\n\t\t\t\t<\/div>","protected":false},"excerpt":{"rendered":"<p>Kataloge Hinweise zum Produkt Unsere Pfeifen sind handgefertigte Unikate aus nat\u00fcrlichem Meerschaum. Unterschiede in Farbe, Struktur und Musterung sind charakteristische Merkmale dieses Materials und kein Grund f\u00fcr eine Reklamation. Reklamationen k\u00f6nnen innerhalb von 4 Wochen nach dem Kauf ber\u00fccksichtigt werden. Nach l\u00e4ngerer Lagerung k\u00f6nnen wir f\u00fcr materialtypische Ver\u00e4nderungen keine Gew\u00e4hr \u00fcbernehmen. In Einzelf\u00e4llen pr\u00fcfen wir [&hellip;]<\/p>\n","protected":false},"author":1,"featured_media":0,"parent":0,"menu_order":0,"comment_status":"closed","ping_status":"closed","template":"","meta":{"footnotes":""},"class_list":["post-1686","page","type-page","status-publish","hentry"],"blocksy_meta":[],"_links":{"self":[{"href":"https:\/\/www.whitepipes.de\/en\/wp-json\/wp\/v2\/pages\/1686","targetHints":{"allow":["GET"]}}],"collection":[{"href":"https:\/\/www.whitepipes.de\/en\/wp-json\/wp\/v2\/pages"}],"about":[{"href":"https:\/\/www.whitepipes.de\/en\/wp-json\/wp\/v2\/types\/page"}],"author":[{"embeddable":true,"href":"https:\/\/www.whitepipes.de\/en\/wp-json\/wp\/v2\/users\/1"}],"replies":[{"embeddable":true,"href":"https:\/\/www.whitepipes.de\/en\/wp-json\/wp\/v2\/comments?post=1686"}],"version-history":[{"count":61,"href":"https:\/\/www.whitepipes.de\/en\/wp-json\/wp\/v2\/pages\/1686\/revisions"}],"predecessor-version":[{"id":1779,"href":"https:\/\/www.whitepipes.de\/en\/wp-json\/wp\/v2\/pages\/1686\/revisions\/1779"}],"wp:attachment":[{"href":"https:\/\/www.whitepipes.de\/en\/wp-json\/wp\/v2\/media?parent=1686"}],"curies":[{"name":"wp","href":"https:\/\/api.w.org\/{rel}","templated":true}]}}