{"id":1250,"date":"2025-11-09T23:01:55","date_gmt":"2025-11-09T22:01:55","guid":{"rendered":"https:\/\/probe.itservice-alt.de\/?page_id=1250"},"modified":"2025-12-10T21:45:18","modified_gmt":"2025-12-10T20:45:18","slug":"impressum","status":"publish","type":"page","link":"https:\/\/www.whitepipes.de\/en\/impressum\/","title":{"rendered":"Legal Notice"},"content":{"rendered":"<div data-elementor-type=\"wp-page\" data-elementor-id=\"1250\" class=\"elementor elementor-1250\">\n\t\t\t\t<div class=\"elementor-element elementor-element-1fbca3c e-flex e-con-boxed e-con e-parent\" data-id=\"1fbca3c\" data-element_type=\"container\" data-e-type=\"container\">\n\t\t\t\t\t<div class=\"e-con-inner\">\n\t\t\t\t<div class=\"elementor-element elementor-element-a340e36 elementor-widget elementor-widget-text-editor\" data-id=\"a340e36\" data-element_type=\"widget\" data-e-type=\"widget\" data-widget_type=\"text-editor.default\">\n\t\t\t\t\t\t\t\t\t<h2 data-start=\"359\" data-end=\"375\"><strong data-start=\"362\" data-end=\"375\">Legal Notice<\/strong><\/h2><p data-start=\"377\" data-end=\"402\"><strong data-start=\"377\" data-end=\"402\">Information According to \u00a7 5 TMG<\/strong><\/p><p data-start=\"404\" data-end=\"504\"><strong data-start=\"404\" data-end=\"419\">White Pipes<\/strong><br data-start=\"419\" data-end=\"422\" \/>Owner: H\u00fcseyin Kurt\u00f6ren<br data-start=\"451\" data-end=\"454\" \/>80686 M\u00fcnchen<br data-start=\"488\" data-end=\"491\" \/>Deutschland<\/p><p data-start=\"506\" data-end=\"605\"><strong data-start=\"506\" data-end=\"518\">Contact<\/strong><br data-start=\"518\" data-end=\"521\" \/>E-Mail: whitepipes26@gmail.com<\/p><p data-start=\"607\" data-end=\"696\"><strong data-start=\"607\" data-end=\"678\">VAT Identification Number in Accordance with Section 27a of the German VAT Act:<\/strong><br data-start=\"678\" data-end=\"681\" \/>DE368231089<\/p><hr data-start=\"698\" data-end=\"701\" \/><h3 data-start=\"703\" data-end=\"762\"><strong data-start=\"707\" data-end=\"762\">Responsible for the Content According to \u00a7 55 Para. 2 RStV:<\/strong><\/h3><p data-start=\"763\" data-end=\"818\">H\u00fcseyin Kurt\u00f6ren<br data-start=\"779\" data-end=\"782\" \/>Hohenwarter Str. 7<br data-start=\"800\" data-end=\"803\" \/>80686 M\u00fcnchen<\/p><h3 data-start=\"703\" data-end=\"762\"><strong data-start=\"707\" data-end=\"762\">Technical Implementation and Design:<\/strong><strong><br \/><\/strong><\/h3><p data-start=\"703\" data-end=\"762\">Matthias Alt<br \/>Breitfurter Weg 11<br \/>99610 S\u00f6mmerda<\/p><hr data-start=\"820\" data-end=\"823\" \/><h3 data-start=\"825\" data-end=\"852\"><strong data-start=\"829\" data-end=\"852\">Liability for Content<\/strong><\/h3><p data-start=\"853\" data-end=\"1733\" class=\"translation-block\">The content of these pages has been created with the utmost care. However, we cannot assume any liability for the accuracy, completeness, or timeliness of the content.\nAs a service provider, we are responsible for our own content on these pages in accordance with general legislation pursuant to \u00a7 7(1) TMG.\nAccording to \u00a7\u00a7 8 to 10 TMG, we as a service provider are not obligated to monitor transmitted or stored third-party information or to investigate circumstances that indicate unlawful activity.\nObligations to remove or block the use of information under general legislation remain unaffected by this. Any liability in this regard is, however, only possible from the moment we become aware of a specific legal infringement.\nUpon becoming aware of such legal infringements, we will remove the affected content without delay.<\/p><hr data-start=\"1735\" data-end=\"1738\" \/><h3 data-start=\"1740\" data-end=\"1765\"><strong data-start=\"1744\" data-end=\"1765\">Liability for Links<\/strong><\/h3><p data-start=\"1766\" data-end=\"2465\" class=\"translation-block\">Our website contains links to external third-party websites over whose content we have no influence.\nTherefore, we cannot assume any liability for such external content.\nThe respective provider or operator of the linked pages is always responsible for their content.\nThe linked pages were checked for possible legal violations at the time the links were created.\nNo unlawful content was identifiable at the time of linking.\nHowever, continuous monitoring of the linked pages is not reasonable without concrete indications of a legal infringement.\nIf we become aware of any legal violations, we will remove such links without delay.<\/p><hr data-start=\"2467\" data-end=\"2470\" \/><h3 data-start=\"2472\" data-end=\"2492\"><strong data-start=\"2476\" data-end=\"2492\">Copyright<\/strong><\/h3><p data-start=\"2493\" data-end=\"3235\" class=\"translation-block\">The content and works created by the operators of this website are subject to German copyright law.\nReproduction, editing, distribution, and any form of utilization beyond the limits of copyright law require the prior written consent of the respective author or creator.\nDownloads and copies of this website are permitted solely for private, non-commercial use.\nWhere content on this site was not created by the operator, the copyrights of third parties are respected.\nShould you nevertheless become aware of a copyright infringement, we kindly ask you to notify us.\nUpon becoming aware of legal violations, we will remove such content without delay.<\/p><hr data-start=\"3237\" data-end=\"3240\" \/><h3><strong data-start=\"3635\" data-end=\"3654\">Scope<\/strong><\/h3><p data-start=\"3655\" data-end=\"3773\">This legal notice also applies to our social media profiles (e.g. Instagram, Facebook or YouTube), if any.<\/p>\t\t\t\t\t\t\t\t<\/div>\n\t\t\t\t\t<\/div>\n\t\t\t\t<\/div>\n\t\t\t\t<\/div>","protected":false},"excerpt":{"rendered":"<p>Impressum Angaben gem\u00e4\u00df \u00a7 5 TMG White PipesInhaber: H\u00fcseyin Kurt\u00f6ren80686 M\u00fcnchenDeutschland Kontakt:E-Mail: whitepipes26@gmail.com Umsatzsteuer-Identifikationsnummer gem\u00e4\u00df \u00a7 27 a Umsatzsteuergesetz:DE368231089 Verantwortlich f\u00fcr den Inhalt nach \u00a7 55 Abs. 2 RStV: H\u00fcseyin Kurt\u00f6renHohenwarter Str. 780686 M\u00fcnchen Technische Umsetzung und Design: Matthias AltBreitfurter Weg 1199610 S\u00f6mmerda Haftung f\u00fcr Inhalte Die Inhalte dieser Seiten wurden mit gr\u00f6\u00dfter Sorgfalt erstellt. [&hellip;]<\/p>\n","protected":false},"author":1,"featured_media":0,"parent":0,"menu_order":0,"comment_status":"closed","ping_status":"closed","template":"","meta":{"footnotes":""},"class_list":["post-1250","page","type-page","status-publish","hentry"],"blocksy_meta":[],"_links":{"self":[{"href":"https:\/\/www.whitepipes.de\/en\/wp-json\/wp\/v2\/pages\/1250","targetHints":{"allow":["GET"]}}],"collection":[{"href":"https:\/\/www.whitepipes.de\/en\/wp-json\/wp\/v2\/pages"}],"about":[{"href":"https:\/\/www.whitepipes.de\/en\/wp-json\/wp\/v2\/types\/page"}],"author":[{"embeddable":true,"href":"https:\/\/www.whitepipes.de\/en\/wp-json\/wp\/v2\/users\/1"}],"replies":[{"embeddable":true,"href":"https:\/\/www.whitepipes.de\/en\/wp-json\/wp\/v2\/comments?post=1250"}],"version-history":[{"count":13,"href":"https:\/\/www.whitepipes.de\/en\/wp-json\/wp\/v2\/pages\/1250\/revisions"}],"predecessor-version":[{"id":1755,"href":"https:\/\/www.whitepipes.de\/en\/wp-json\/wp\/v2\/pages\/1250\/revisions\/1755"}],"wp:attachment":[{"href":"https:\/\/www.whitepipes.de\/en\/wp-json\/wp\/v2\/media?parent=1250"}],"curies":[{"name":"wp","href":"https:\/\/api.w.org\/{rel}","templated":true}]}}