{"id":1002,"date":"2025-11-09T17:19:24","date_gmt":"2025-11-09T16:19:24","guid":{"rendered":"https:\/\/probe.itservice-alt.de\/?page_id=1002"},"modified":"2025-12-01T19:01:06","modified_gmt":"2025-12-01T18:01:06","slug":"sealing","status":"publish","type":"page","link":"https:\/\/www.whitepipes.de\/en\/sealing\/","title":{"rendered":"Sealing"},"content":{"rendered":"<div data-elementor-type=\"wp-page\" data-elementor-id=\"1002\" class=\"elementor elementor-1002\">\n\t\t\t\t<div class=\"elementor-element elementor-element-cebe4a5 e-flex e-con-boxed e-con e-parent\" data-id=\"cebe4a5\" data-element_type=\"container\" data-e-type=\"container\">\n\t\t\t\t\t<div class=\"e-con-inner\">\n\t\t<div class=\"elementor-element elementor-element-a58c7e8 e-con-full e-flex e-con e-child\" data-id=\"a58c7e8\" data-element_type=\"container\" data-e-type=\"container\" data-settings=\"{&quot;background_background&quot;:&quot;gradient&quot;}\">\n\t\t<div class=\"elementor-element elementor-element-83ba881 e-flex e-con-boxed e-con e-child\" data-id=\"83ba881\" data-element_type=\"container\" data-e-type=\"container\">\n\t\t\t\t\t<div class=\"e-con-inner\">\n\t\t\t\t<div class=\"elementor-element elementor-element-bb616b3 elementor-widget elementor-widget-image\" data-id=\"bb616b3\" data-element_type=\"widget\" data-e-type=\"widget\" data-widget_type=\"image.default\">\n\t\t\t\t\t\t\t\t\t\t\t\t\t\t\t<img decoding=\"async\" width=\"150\" height=\"150\" src=\"https:\/\/www.whitepipes.de\/wp-content\/uploads\/2025\/11\/Trenner-150x150.png\" class=\"attachment-thumbnail size-thumbnail wp-image-699\" alt=\"\" srcset=\"https:\/\/www.whitepipes.de\/wp-content\/uploads\/2025\/11\/Trenner-150x150.png 150w, https:\/\/www.whitepipes.de\/wp-content\/uploads\/2025\/11\/Trenner-300x300.png 300w, https:\/\/www.whitepipes.de\/wp-content\/uploads\/2025\/11\/Trenner-768x768.png 768w, https:\/\/www.whitepipes.de\/wp-content\/uploads\/2025\/11\/Trenner.png 1024w\" sizes=\"(max-width: 150px) 100vw, 150px\" \/>\t\t\t\t\t\t\t\t\t\t\t\t\t\t\t<\/div>\n\t\t\t\t\t<\/div>\n\t\t\t\t<\/div>\n\t\t\t\t<div class=\"elementor-element elementor-element-8940056 elementor-widget elementor-widget-heading\" data-id=\"8940056\" data-element_type=\"widget\" data-e-type=\"widget\" data-widget_type=\"heading.default\">\n\t\t\t\t\t<h2 class=\"elementor-heading-title elementor-size-default\">Sealing<\/h2>\t\t\t\t<\/div>\n\t\t\t\t<div class=\"elementor-element elementor-element-f72e998 elementor-widget elementor-widget-text-editor\" data-id=\"f72e998\" data-element_type=\"widget\" data-e-type=\"widget\" data-widget_type=\"text-editor.default\">\n\t\t\t\t\t\t\t\t\t<p>The final step in the crafting process is sealing \u2013 the careful conclusion to meticulous production. After the pipe has been polished and cleaned, it receives a fine protective layer that preserves the delicate meerschaum while simultaneously enhancing its natural luster.<\/p>\t\t\t\t\t\t\t\t<\/div>\n\t\t<div class=\"elementor-element elementor-element-18a4fc8 e-con-full e-flex e-con e-child\" data-id=\"18a4fc8\" data-element_type=\"container\" data-e-type=\"container\">\n\t\t\t\t<div class=\"elementor-element elementor-element-1808c1e elementor-widget elementor-widget-video\" data-id=\"1808c1e\" data-element_type=\"widget\" data-e-type=\"widget\" data-settings=\"{&quot;video_type&quot;:&quot;hosted&quot;,&quot;controls&quot;:&quot;yes&quot;}\" data-widget_type=\"video.default\">\n\t\t\t\t\t\t\t<div class=\"e-hosted-video elementor-wrapper elementor-open-inline\">\n\t\t\t\t\t<video class=\"elementor-video\" src=\"https:\/\/probe.itservice-alt.de\/wp-content\/uploads\/2025\/11\/XFxDkyzRV2FVsmXeyCTi_Versiegeln2-v.mp4\" controls=\"\" preload=\"metadata\" controlslist=\"nodownload\" poster=\"https:\/\/probe.itservice-alt.de\/wp-content\/uploads\/2025\/11\/Preview10.png\"><\/video>\n\t\t\t\t<\/div>\n\t\t\t\t\t\t<\/div>\n\t\t\t\t<div class=\"elementor-element elementor-element-83e1ff0 elementor-widget elementor-widget-video\" data-id=\"83e1ff0\" data-element_type=\"widget\" data-e-type=\"widget\" data-settings=\"{&quot;video_type&quot;:&quot;hosted&quot;,&quot;controls&quot;:&quot;yes&quot;}\" data-widget_type=\"video.default\">\n\t\t\t\t\t\t\t<div class=\"e-hosted-video elementor-wrapper elementor-open-inline\">\n\t\t\t\t\t<video class=\"elementor-video\" src=\"https:\/\/probe.itservice-alt.de\/wp-content\/uploads\/2025\/11\/vXluZC4NQcm93Tvs3Hr0_Versiegeln3-v.mp4\" controls=\"\" preload=\"metadata\" controlslist=\"nodownload\" poster=\"https:\/\/probe.itservice-alt.de\/wp-content\/uploads\/2025\/11\/Preview11.png\"><\/video>\n\t\t\t\t<\/div>\n\t\t\t\t\t\t<\/div>\n\t\t\t\t<div class=\"elementor-element elementor-element-8405443 elementor-widget elementor-widget-video\" data-id=\"8405443\" data-element_type=\"widget\" data-e-type=\"widget\" data-settings=\"{&quot;video_type&quot;:&quot;hosted&quot;,&quot;controls&quot;:&quot;yes&quot;}\" data-widget_type=\"video.default\">\n\t\t\t\t\t\t\t<div class=\"e-hosted-video elementor-wrapper elementor-open-inline\">\n\t\t\t\t\t<video class=\"elementor-video\" src=\"https:\/\/probe.itservice-alt.de\/wp-content\/uploads\/2025\/11\/xV49lWjNQryOOa0acJLV_Versiegeln6-v.mp4\" controls=\"\" preload=\"metadata\" controlslist=\"nodownload\" poster=\"https:\/\/probe.itservice-alt.de\/wp-content\/uploads\/2025\/11\/Preview12.png\"><\/video>\n\t\t\t\t<\/div>\n\t\t\t\t\t\t<\/div>\n\t\t\t\t<\/div>\n\t\t\t\t<\/div>\n\t\t<div class=\"elementor-element elementor-element-95379a6 e-con-full e-flex e-con e-child\" data-id=\"95379a6\" data-element_type=\"container\" data-e-type=\"container\">\n\t\t<div class=\"elementor-element elementor-element-c6eb655 e-con-full e-flex e-con e-child\" data-id=\"c6eb655\" data-element_type=\"container\" data-e-type=\"container\">\n\t\t\t\t<\/div>\n\t\t\t\t<\/div>\n\t\t\t\t\t<\/div>\n\t\t\t\t<\/div>\n\t\t<div class=\"elementor-element elementor-element-b6173c1 e-flex e-con-boxed e-con e-parent\" data-id=\"b6173c1\" data-element_type=\"container\" data-e-type=\"container\">\n\t\t\t\t\t<div class=\"e-con-inner\">\n\t\t<div class=\"elementor-element elementor-element-f82e721 e-con-full e-flex e-con e-child\" data-id=\"f82e721\" data-element_type=\"container\" data-e-type=\"container\">\n\t\t<div class=\"elementor-element elementor-element-506a692 e-grid e-con-full e-con e-child\" data-id=\"506a692\" data-element_type=\"container\" data-e-type=\"container\">\n\t\t\t\t<div class=\"elementor-element elementor-element-7e7d19a elementor-widget elementor-widget-text-editor\" data-id=\"7e7d19a\" data-element_type=\"widget\" data-e-type=\"widget\" data-widget_type=\"text-editor.default\">\n\t\t\t\t\t\t\t\t\t<p>Return to the previous step:<\/p>\t\t\t\t\t\t\t\t<\/div>\n\t\t\t\t<div class=\"elementor-element elementor-element-c41de90 elementor-button-warning elementor-align-center elementor-widget elementor-widget-button\" data-id=\"c41de90\" data-element_type=\"widget\" data-e-type=\"widget\" data-widget_type=\"button.default\">\n\t\t\t\t\t\t\t\t\t\t<a class=\"elementor-button elementor-button-link elementor-size-sm elementor-animation-grow\" href=\"https:\/\/www.whitepipes.de\/en\/polishing\/\" id=\"1\">\n\t\t\t\t\t\t<span class=\"elementor-button-content-wrapper\">\n\t\t\t\t\t\t\t\t\t<span class=\"elementor-button-text\">&lt;- back <\/span>\n\t\t\t\t\t<\/span>\n\t\t\t\t\t<\/a>\n\t\t\t\t\t\t\t\t<\/div>\n\t\t\t\t<\/div>\n\t\t\t\t<\/div>\n\t\t\t\t\t<\/div>\n\t\t\t\t<\/div>\n\t\t<div class=\"elementor-element elementor-element-61d51f8 e-flex e-con-boxed e-con e-parent\" data-id=\"61d51f8\" data-element_type=\"container\" data-e-type=\"container\">\n\t\t\t\t\t<div class=\"e-con-inner\">\n\t\t<div class=\"elementor-element elementor-element-7046fe3 e-con-full e-flex e-con e-child\" data-id=\"7046fe3\" data-element_type=\"container\" data-e-type=\"container\">\n\t\t\t\t<\/div>\n\t\t\t\t\t<\/div>\n\t\t\t\t<\/div>\n\t\t\t\t<\/div>","protected":false},"excerpt":{"rendered":"<p>Versiegeln Am Ende der handwerklichen Reise steht das Versiegeln \u2013 der behutsame Abschluss einer sorgf\u00e4ltigen Herstellung. Nachdem die Pfeife poliert und gereinigt wurde, erh\u00e4lt sie eine feine Schutzschicht, die den empfindlichen Meerschaum bewahrt und zugleich ihren nat\u00fcrlichen Glanz hervorhebt. https:\/\/probe.itservice-alt.de\/wp-content\/uploads\/2025\/11\/XFxDkyzRV2FVsmXeyCTi_Versiegeln2-v.mp4https:\/\/probe.itservice-alt.de\/wp-content\/uploads\/2025\/11\/vXluZC4NQcm93Tvs3Hr0_Versiegeln3-v.mp4https:\/\/probe.itservice-alt.de\/wp-content\/uploads\/2025\/11\/xV49lWjNQryOOa0acJLV_Versiegeln6-v.mp4 Zur\u00fcck zum vorherigen Arbeitsschritt: &lt;- Zur\u00fcck<\/p>","protected":false},"author":1,"featured_media":0,"parent":0,"menu_order":0,"comment_status":"closed","ping_status":"closed","template":"","meta":{"footnotes":""},"class_list":["post-1002","page","type-page","status-publish","hentry"],"blocksy_meta":[],"_links":{"self":[{"href":"https:\/\/www.whitepipes.de\/en\/wp-json\/wp\/v2\/pages\/1002","targetHints":{"allow":["GET"]}}],"collection":[{"href":"https:\/\/www.whitepipes.de\/en\/wp-json\/wp\/v2\/pages"}],"about":[{"href":"https:\/\/www.whitepipes.de\/en\/wp-json\/wp\/v2\/types\/page"}],"author":[{"embeddable":true,"href":"https:\/\/www.whitepipes.de\/en\/wp-json\/wp\/v2\/users\/1"}],"replies":[{"embeddable":true,"href":"https:\/\/www.whitepipes.de\/en\/wp-json\/wp\/v2\/comments?post=1002"}],"version-history":[{"count":31,"href":"https:\/\/www.whitepipes.de\/en\/wp-json\/wp\/v2\/pages\/1002\/revisions"}],"predecessor-version":[{"id":1616,"href":"https:\/\/www.whitepipes.de\/en\/wp-json\/wp\/v2\/pages\/1002\/revisions\/1616"}],"wp:attachment":[{"href":"https:\/\/www.whitepipes.de\/en\/wp-json\/wp\/v2\/media?parent=1002"}],"curies":[{"name":"wp","href":"https:\/\/api.w.org\/{rel}","templated":true}]}}